{"id":41960,"date":"2022-10-14T16:00:25","date_gmt":"2022-10-14T14:00:25","guid":{"rendered":"https:\/\/www.lagspa.it\/?page_id=41960"},"modified":"2022-10-14T16:00:25","modified_gmt":"2022-10-14T14:00:25","slug":"systeme-photovoltaique-pour-lautoconsommation","status":"publish","type":"page","link":"https:\/\/www.lagspa.it\/fr\/systeme-photovoltaique-pour-lautoconsommation\/","title":{"rendered":"SYST\u00c8ME PHOTOVOLTA\u00cfQUE POUR L\u2019AUTOCONSOMMATION"},"content":{"rendered":"<div class=\"wpb-content-wrapper\"><p>[vc_row css=\u00a0\u00bb.vc_custom_1564497319534{padding-right: 20px !important;padding-left: 20px !important;}\u00a0\u00bb][vc_column width=\u00a0\u00bb5\/6&Prime;][vc_column_text]<\/p>\n<h2>Syst\u00e8me photovolta\u00efque de 811 kWc pour l&rsquo;autoconsommation<\/h2>\n<h3>Avec la contribution de la R\u00e9gion \u00c9milie-Romagne et des fonds de l&rsquo;Union europ\u00e9enne (POR FESR 2014-2020)<\/h3>\n<p>[\/vc_column_text][vc_column_text]En septembre 2022, LAG SpA a commenc\u00e9 la construction d&rsquo;un <strong>syst\u00e8me photovolta\u00efque de 811 kWc<\/strong> pour la production d&rsquo;\u00e9nergie \u00e0 partir de sources renouvelables pour l&rsquo;autoconsommation.<\/p>\n<p>Le syst\u00e8me sera install\u00e9 sur tout le volume de couverture de l&rsquo;entreprise, nous permettant ainsi d&rsquo;am\u00e9liorer une grande partie inutilis\u00e9e de l&rsquo;usine d\u00e9tenue.<\/p>\n<h4>Ce projet poursuit les objectifs suivants :<\/h4>\n<ul>\n<li>G\u00e9n\u00e9rer l&rsquo;\u00e9nergie dont nous avons besoin, en r\u00e9duisant consid\u00e9rablement les co\u00fbts de gestion associ\u00e9s \u00e0 son achat<\/li>\n<li>R\u00e9duire les \u00e9missions de CO2 dans l&rsquo;atmosph\u00e8re, entra\u00eenant une r\u00e9duction de l&rsquo;impact environnemental de nos usines de production<\/li>\n<li>Augmenter l&rsquo;efficacit\u00e9 de notre cycle de production<\/li>\n<li>Participer \u00e0 la protection et \u00e0 la s\u00e9curit\u00e9 du territoire dont nous faisons partie<\/li>\n<\/ul>\n<p>Gr\u00e2ce au syst\u00e8me photovolta\u00efque, <strong>890 MWh\/an<\/strong> seront produits, dont <strong>71% d&rsquo;autoconsommation<\/strong> sont attendus.<\/p>\n<p>Cette production d&rsquo;\u00e9nergie \u00e0 partir de sources renouvelables nous permet de <strong>r\u00e9duire les \u00e9missions de CO2<\/strong> <strong>de 501 100 kg\/an<\/strong> \u00e9quivalent \u00e0 <strong>6 264 arbres<\/strong>.[\/vc_column_text][\/vc_column][vc_column width=\u00a0\u00bb1\/6&Prime;][vc_single_image image=\u00a0\u00bb41701&Prime; img_size=\u00a0\u00bbfull\u00a0\u00bb alignment=\u00a0\u00bbcenter\u00a0\u00bb][vc_single_image image=\u00a0\u00bb41690&Prime; img_size=\u00a0\u00bbfull\u00a0\u00bb alignment=\u00a0\u00bbcenter\u00a0\u00bb][vc_single_image image=\u00a0\u00bb41685&Prime; img_size=\u00a0\u00bbfull\u00a0\u00bb alignment=\u00a0\u00bbcenter\u00a0\u00bb][vc_single_image image=\u00a0\u00bb41710&Prime; img_size=\u00a0\u00bbfull\u00a0\u00bb alignment=\u00a0\u00bbcenter\u00a0\u00bb][\/vc_column][\/vc_row][vc_row][vc_column][vc_gallery type=\u00a0\u00bbimage_grid\u00a0\u00bb images=\u00a0\u00bb39083&Prime; img_size=\u00a0\u00bbfull\u00a0\u00bb onclick=\u00a0\u00bb\u00a0\u00bb css=\u00a0\u00bb.vc_custom_1665588264891{background-position: center !important;background-repeat: no-repeat !important;background-size: contain !important;}\u00a0\u00bb][\/vc_column][\/vc_row]<\/p>\n<\/div>","protected":false},"excerpt":{"rendered":"<p>[vc_row css=\u00a0\u00bb.vc_custom_1564497319534{padding-right: 20px !important;padding-left: 20px !important;}\u00a0\u00bb][vc_column width=\u00a0\u00bb5\/6&Prime;][vc_column_text] Syst\u00e8me photovolta\u00efque de 811 kWc pour l&rsquo;autoconsommation Avec la contribution de la R\u00e9gion \u00c9milie-Romagne et des fonds de l&rsquo;Union europ\u00e9enne (POR FESR 2014-2020)&#8230;<\/p>\n","protected":false},"author":2,"featured_media":0,"parent":0,"menu_order":29,"comment_status":"closed","ping_status":"closed","template":"","meta":{"_acf_changed":false,"footnotes":""},"class_list":["post-41960","page","type-page","status-publish","hentry"],"acf":[],"yoast_head":"<!-- This site is optimized with the Yoast SEO plugin v27.3 - https:\/\/yoast.com\/product\/yoast-seo-wordpress\/ -->\n<title>SYST\u00c8ME PHOTOVOLTA\u00cfQUE POUR L\u2019AUTOCONSOMMATION | LAG SpA<\/title>\n<meta name=\"robots\" content=\"noindex, nofollow\" \/>\n<meta property=\"og:locale\" content=\"fr_FR\" \/>\n<meta property=\"og:type\" content=\"article\" \/>\n<meta property=\"og:title\" content=\"SYST\u00c8ME PHOTOVOLTA\u00cfQUE POUR L\u2019AUTOCONSOMMATION | LAG SpA\" \/>\n<meta property=\"og:description\" content=\"[vc_row css=\u00a0\u00bb.vc_custom_1564497319534{padding-right: 20px !important;padding-left: 20px !important;}\u00a0\u00bb][vc_column width=\u00a0\u00bb5\/6&Prime;][vc_column_text] Syst\u00e8me photovolta\u00efque de 811 kWc pour l&rsquo;autoconsommation Avec la contribution de la R\u00e9gion \u00c9milie-Romagne et des fonds de l&rsquo;Union europ\u00e9enne (POR FESR 2014-2020)...\" \/>\n<meta property=\"og:url\" content=\"https:\/\/www.lagspa.it\/fr\/societe-234\/systeme-photovoltaique-pour-lautoconsommation\/\" \/>\n<meta property=\"og:site_name\" content=\"LAG SpA\" \/>\n<meta property=\"article:publisher\" content=\"https:\/\/www.facebook.com\/LAG.castors\" \/>\n<meta property=\"og:image\" content=\"https:\/\/www.lagspa.it\/wp-content\/uploads\/2021\/04\/LAG-Yellow-Facebook-Cover-1-e1621001066931.png\" \/>\n\t<meta property=\"og:image:width\" content=\"691\" \/>\n\t<meta property=\"og:image:height\" content=\"314\" \/>\n\t<meta property=\"og:image:type\" content=\"image\/png\" \/>\n<meta name=\"twitter:card\" content=\"summary_large_image\" \/>\n<script type=\"application\/ld+json\" class=\"yoast-schema-graph\">{\"@context\":\"https:\\\/\\\/schema.org\",\"@graph\":[{\"@type\":\"WebPage\",\"@id\":\"https:\\\/\\\/www.lagspa.it\\\/fr\\\/societe-234\\\/systeme-photovoltaique-pour-lautoconsommation\\\/\",\"url\":\"https:\\\/\\\/www.lagspa.it\\\/fr\\\/societe-234\\\/systeme-photovoltaique-pour-lautoconsommation\\\/\",\"name\":\"SYST\u00c8ME PHOTOVOLTA\u00cfQUE POUR L\u2019AUTOCONSOMMATION | LAG SpA\",\"isPartOf\":{\"@id\":\"https:\\\/\\\/www.lagspa.it\\\/#website\"},\"datePublished\":\"2022-10-14T14:00:25+00:00\",\"breadcrumb\":{\"@id\":\"https:\\\/\\\/www.lagspa.it\\\/fr\\\/societe-234\\\/systeme-photovoltaique-pour-lautoconsommation\\\/#breadcrumb\"},\"inLanguage\":\"fr-FR\",\"potentialAction\":[{\"@type\":\"ReadAction\",\"target\":[\"https:\\\/\\\/www.lagspa.it\\\/fr\\\/societe-234\\\/systeme-photovoltaique-pour-lautoconsommation\\\/\"]}]},{\"@type\":\"BreadcrumbList\",\"@id\":\"https:\\\/\\\/www.lagspa.it\\\/fr\\\/societe-234\\\/systeme-photovoltaique-pour-lautoconsommation\\\/#breadcrumb\",\"itemListElement\":[{\"@type\":\"ListItem\",\"position\":1,\"name\":\"Home\",\"item\":\"https:\\\/\\\/www.lagspa.it\\\/fr\\\/\"},{\"@type\":\"ListItem\",\"position\":2,\"name\":\"SYST\u00c8ME PHOTOVOLTA\u00cfQUE POUR L\u2019AUTOCONSOMMATION\"}]},{\"@type\":\"WebSite\",\"@id\":\"https:\\\/\\\/www.lagspa.it\\\/#website\",\"url\":\"https:\\\/\\\/www.lagspa.it\\\/\",\"name\":\"LAG SpA\",\"description\":\"Wheels and Castors\",\"publisher\":{\"@id\":\"https:\\\/\\\/www.lagspa.it\\\/#organization\"},\"potentialAction\":[{\"@type\":\"SearchAction\",\"target\":{\"@type\":\"EntryPoint\",\"urlTemplate\":\"https:\\\/\\\/www.lagspa.it\\\/?s={search_term_string}\"},\"query-input\":{\"@type\":\"PropertyValueSpecification\",\"valueRequired\":true,\"valueName\":\"search_term_string\"}}],\"inLanguage\":\"fr-FR\"},{\"@type\":\"Organization\",\"@id\":\"https:\\\/\\\/www.lagspa.it\\\/#organization\",\"name\":\"LAG S.p.a. Wheels and Castors\",\"url\":\"https:\\\/\\\/www.lagspa.it\\\/\",\"logo\":{\"@type\":\"ImageObject\",\"inLanguage\":\"fr-FR\",\"@id\":\"https:\\\/\\\/www.lagspa.it\\\/#\\\/schema\\\/logo\\\/image\\\/\",\"url\":\"https:\\\/\\\/www.lagspa.it\\\/wp-content\\\/uploads\\\/2018\\\/09\\\/logo.png\",\"contentUrl\":\"https:\\\/\\\/www.lagspa.it\\\/wp-content\\\/uploads\\\/2018\\\/09\\\/logo.png\",\"width\":273,\"height\":302,\"caption\":\"LAG S.p.a. Wheels and Castors\"},\"image\":{\"@id\":\"https:\\\/\\\/www.lagspa.it\\\/#\\\/schema\\\/logo\\\/image\\\/\"},\"sameAs\":[\"https:\\\/\\\/www.facebook.com\\\/LAG.castors\"]}]}<\/script>\n<!-- \/ Yoast SEO plugin. -->","yoast_head_json":{"title":"SYST\u00c8ME PHOTOVOLTA\u00cfQUE POUR L\u2019AUTOCONSOMMATION | LAG SpA","robots":{"index":"noindex","follow":"nofollow"},"og_locale":"fr_FR","og_type":"article","og_title":"SYST\u00c8ME PHOTOVOLTA\u00cfQUE POUR L\u2019AUTOCONSOMMATION | LAG SpA","og_description":"[vc_row css=\u00a0\u00bb.vc_custom_1564497319534{padding-right: 20px !important;padding-left: 20px !important;}\u00a0\u00bb][vc_column width=\u00a0\u00bb5\/6&Prime;][vc_column_text] Syst\u00e8me photovolta\u00efque de 811 kWc pour l&rsquo;autoconsommation Avec la contribution de la R\u00e9gion \u00c9milie-Romagne et des fonds de l&rsquo;Union europ\u00e9enne (POR FESR 2014-2020)...","og_url":"https:\/\/www.lagspa.it\/fr\/societe-234\/systeme-photovoltaique-pour-lautoconsommation\/","og_site_name":"LAG SpA","article_publisher":"https:\/\/www.facebook.com\/LAG.castors","og_image":[{"width":691,"height":314,"url":"https:\/\/www.lagspa.it\/wp-content\/uploads\/2021\/04\/LAG-Yellow-Facebook-Cover-1-e1621001066931.png","type":"image\/png"}],"twitter_card":"summary_large_image","schema":{"@context":"https:\/\/schema.org","@graph":[{"@type":"WebPage","@id":"https:\/\/www.lagspa.it\/fr\/societe-234\/systeme-photovoltaique-pour-lautoconsommation\/","url":"https:\/\/www.lagspa.it\/fr\/societe-234\/systeme-photovoltaique-pour-lautoconsommation\/","name":"SYST\u00c8ME PHOTOVOLTA\u00cfQUE POUR L\u2019AUTOCONSOMMATION | LAG SpA","isPartOf":{"@id":"https:\/\/www.lagspa.it\/#website"},"datePublished":"2022-10-14T14:00:25+00:00","breadcrumb":{"@id":"https:\/\/www.lagspa.it\/fr\/societe-234\/systeme-photovoltaique-pour-lautoconsommation\/#breadcrumb"},"inLanguage":"fr-FR","potentialAction":[{"@type":"ReadAction","target":["https:\/\/www.lagspa.it\/fr\/societe-234\/systeme-photovoltaique-pour-lautoconsommation\/"]}]},{"@type":"BreadcrumbList","@id":"https:\/\/www.lagspa.it\/fr\/societe-234\/systeme-photovoltaique-pour-lautoconsommation\/#breadcrumb","itemListElement":[{"@type":"ListItem","position":1,"name":"Home","item":"https:\/\/www.lagspa.it\/fr\/"},{"@type":"ListItem","position":2,"name":"SYST\u00c8ME PHOTOVOLTA\u00cfQUE POUR L\u2019AUTOCONSOMMATION"}]},{"@type":"WebSite","@id":"https:\/\/www.lagspa.it\/#website","url":"https:\/\/www.lagspa.it\/","name":"LAG SpA","description":"Wheels and Castors","publisher":{"@id":"https:\/\/www.lagspa.it\/#organization"},"potentialAction":[{"@type":"SearchAction","target":{"@type":"EntryPoint","urlTemplate":"https:\/\/www.lagspa.it\/?s={search_term_string}"},"query-input":{"@type":"PropertyValueSpecification","valueRequired":true,"valueName":"search_term_string"}}],"inLanguage":"fr-FR"},{"@type":"Organization","@id":"https:\/\/www.lagspa.it\/#organization","name":"LAG S.p.a. Wheels and Castors","url":"https:\/\/www.lagspa.it\/","logo":{"@type":"ImageObject","inLanguage":"fr-FR","@id":"https:\/\/www.lagspa.it\/#\/schema\/logo\/image\/","url":"https:\/\/www.lagspa.it\/wp-content\/uploads\/2018\/09\/logo.png","contentUrl":"https:\/\/www.lagspa.it\/wp-content\/uploads\/2018\/09\/logo.png","width":273,"height":302,"caption":"LAG S.p.a. Wheels and Castors"},"image":{"@id":"https:\/\/www.lagspa.it\/#\/schema\/logo\/image\/"},"sameAs":["https:\/\/www.facebook.com\/LAG.castors"]}]}},"_links":{"self":[{"href":"https:\/\/www.lagspa.it\/fr\/wp-json\/wp\/v2\/pages\/41960","targetHints":{"allow":["GET"]}}],"collection":[{"href":"https:\/\/www.lagspa.it\/fr\/wp-json\/wp\/v2\/pages"}],"about":[{"href":"https:\/\/www.lagspa.it\/fr\/wp-json\/wp\/v2\/types\/page"}],"author":[{"embeddable":true,"href":"https:\/\/www.lagspa.it\/fr\/wp-json\/wp\/v2\/users\/2"}],"replies":[{"embeddable":true,"href":"https:\/\/www.lagspa.it\/fr\/wp-json\/wp\/v2\/comments?post=41960"}],"version-history":[{"count":2,"href":"https:\/\/www.lagspa.it\/fr\/wp-json\/wp\/v2\/pages\/41960\/revisions"}],"predecessor-version":[{"id":41962,"href":"https:\/\/www.lagspa.it\/fr\/wp-json\/wp\/v2\/pages\/41960\/revisions\/41962"}],"wp:attachment":[{"href":"https:\/\/www.lagspa.it\/fr\/wp-json\/wp\/v2\/media?parent=41960"}],"curies":[{"name":"wp","href":"https:\/\/api.w.org\/{rel}","templated":true}]}}