{"id":26559,"date":"2017-05-15T14:37:49","date_gmt":"2017-05-15T12:37:49","guid":{"rendered":"https:\/\/www.lagspa.it\/societe\/produzione\/"},"modified":"2023-03-10T15:19:01","modified_gmt":"2023-03-10T14:19:01","slug":"production","status":"publish","type":"page","link":"https:\/\/www.lagspa.it\/fr\/production\/","title":{"rendered":"Production"},"content":{"rendered":"<div class=\"wpb-content-wrapper\"><p>[vc_row][vc_column][vc_column_text]<\/p>\n<p style=\"text-align: center;\">La production de roues et de chapes est effectu\u00e9e \u00e0 l\u2019int\u00e9rieur de l\u2019\u00e9tablissement de San Cesario sul Panaro (MO), qui dispose de :<br \/>\nenviron <strong>23 000 m2<\/strong> de zone de production et environ <strong>45 000 m2<\/strong> de terrain.<br \/>\nPour assurer la haute qualit\u00e9 de nos articles, tout le processus de production est en interne et effectu\u00e9 par du personnel hautement qualifi\u00e9.<\/p>\n<p>[\/vc_column_text][\/vc_column][\/vc_row][vc_row][vc_column width=\u00a0\u00bb1\/2&Prime;][vc_single_image image=\u00a0\u00bb369&Prime; img_size=\u00a0\u00bbfull\u00a0\u00bb alignment=\u00a0\u00bbcenter\u00a0\u00bb][\/vc_column][vc_column width=\u00a0\u00bb1\/2&Prime;]<div class=\"zozo-parallax-header\"><div class=\"parallax-header\"><h4 class=\"parallax-title text-left text-none\">Bureau technique<\/h4><\/div><\/div>[vc_column_text]Division d\u00e9di\u00e9e aux activit\u00e9s suivantes :<\/p>\n<ul>\n<li>Dessin, conception et d\u00e9veloppement de nouveaux produits<\/li>\n<li>D\u00e9finition des sp\u00e9cifications de production, montage et contr\u00f4le des produits<\/li>\n<li>V\u00e9rification des performances des produits par des essais dynamiques, de fatigue et d\u2019efficacit\u00e9 du freinage<\/li>\n<li>D\u00e9finition des machines et des processus pour chaque activit\u00e9 manufacturi\u00e8re<\/li>\n<li>Sp\u00e9cifications des machines, des installations et des \u00e9quipements<\/li>\n<\/ul>\n<p>[\/vc_column_text][\/vc_column][\/vc_row][vc_row css=\u00a0\u00bb.vc_custom_1496132357173{padding-top: 40px !important;padding-bottom: 40px !important;}\u00a0\u00bb][vc_column][vc_separator border_width=\u00a0\u00bb2&Prime; el_width=\u00a0\u00bb80&Prime;][\/vc_column][\/vc_row][vc_row][vc_column width=\u00a0\u00bb1\/3&Prime;]<div class=\"zozo-parallax-header\"><div class=\"parallax-header\"><h4 class=\"parallax-title text-left text-none\">Laboratoire chimique<\/h4><\/div><\/div>[vc_column_text]L\u2019entreprise dispose d\u2019un laboratoire chimique affect\u00e9 \u00e0 la surveillance et au d\u00e9veloppement du pr\u00e9polym\u00e8re et du polyur\u00e9thane. LAG Spa a d\u00e9velopp\u00e9 de nouvelles formules dont elle est propri\u00e9taire, qui sont \u00e9tudi\u00e9es et produites en interne.<br \/>\nLes techniciens sont engag\u00e9s chaque jour dans l\u2019optimisation et dans la recherche de m\u00e9langes de plus en plus performants, pour assurer une mise \u00e0 jour continue des produits.[\/vc_column_text][\/vc_column][vc_column width=\u00a0\u00bb2\/3&Prime;]<div class=\"zozo-parallax-header\"><div class=\"parallax-header\"><h4 class=\"parallax-title text-left text-none\">Division Polyur\u00e9thane<\/h4><\/div><\/div>[vc_column_text]Depuis toujours la zone strat\u00e9gique, elle est caract\u00e9ris\u00e9e par la flexibilit\u00e9 du processus de production. La pr\u00e9sence d\u2019installations diversifi\u00e9es pour la coul\u00e9e du polyur\u00e9thane est l\u2019\u00e9l\u00e9ment cl\u00e9 :<\/p>\n<ul>\n<li>Automatiques<\/li>\n<li>Manuelles, pour les petits lots ou les produits sp\u00e9ciaux sur demande<\/li>\n<\/ul>\n<p>Les proc\u00e9dures consolid\u00e9es depuis des dizaines d\u2019ann\u00e9es de production et les \u00e9quipements dont nous disposons, permettent de r\u00e9aliser des articles pr\u00e9sentant des caract\u00e9ristiques telles que la faible r\u00e9sistance au roulement, roulement silencieux, r\u00e9sistance aux chocs, \u00e0 l\u2019usure et aux substances corrosives.[\/vc_column_text][\/vc_column][\/vc_row][vc_row css=\u00a0\u00bb.vc_custom_1496132357173{padding-top: 40px !important;padding-bottom: 40px !important;}\u00a0\u00bb][vc_column][vc_separator border_width=\u00a0\u00bb2&Prime; el_width=\u00a0\u00bb80&Prime;][\/vc_column][\/vc_row][vc_row][vc_column width=\u00a0\u00bb1\/2&Prime;][vc_single_image image=\u00a0\u00bb364&Prime; img_size=\u00a0\u00bbfull\u00a0\u00bb alignment=\u00a0\u00bbcenter\u00a0\u00bb][\/vc_column][vc_column width=\u00a0\u00bb1\/2&Prime;]<div class=\"zozo-parallax-header\"><div class=\"parallax-header\"><h4 class=\"parallax-title text-left text-none\">Division Injection de Thermoplastiques<\/h4><\/div><\/div>[vc_column_text]LAG Spa est \u00e9quip\u00e9e de presses \u00e0 injection pour la production de roues et de moyeux en mati\u00e8res thermoplastiques o\u00f9 pr\u00e9vaut le polyamide 6 de premi\u00e8re qualit\u00e9 ; mat\u00e9riau choisi pour ses excellentes caract\u00e9ristiques et parce qu\u2019il est en mesure de fournir des performances sup\u00e9rieures \u00e0 la moyenne.[\/vc_column_text][\/vc_column][\/vc_row][vc_row css=\u00a0\u00bb.vc_custom_1496132357173{padding-top: 40px !important;padding-bottom: 40px !important;}\u00a0\u00bb][vc_column][vc_separator border_width=\u00a0\u00bb2&Prime; el_width=\u00a0\u00bb80&Prime;][\/vc_column][\/vc_row][vc_row][vc_column width=\u00a0\u00bb1\/2&Prime;]<div class=\"zozo-parallax-header\"><div class=\"parallax-header\"><h4 class=\"parallax-title text-left text-none\">Division Emboutissage T\u00f4le et Outillage<\/h4><\/div><\/div>[vc_column_text]C&rsquo;est ici qu\u2019a lieu l&#8217;emboutissage des chapes en acier et en acier inox. Dans cette division se trouvent des presses jusqu\u2019\u00e0 600 tonnes, \u00e9quip\u00e9es des asservissements n\u00e9cessaires pour les productions en grandes s\u00e9ries.<br \/>\nL\u2019atelier d\u2019outillage r\u00e9alise non seulement l\u2019entretien ordinaire des outils, mais aussi des outils et de nouveaux \u00e9quipements pour LAG et pour des tiers.<br \/>\nEn effet, elle est sp\u00e9cialis\u00e9e dans la construction et la conception d\u2019outils progressifs, outils de transfert et outils de reprise pour le d\u00e9coupage, cintrage, emboutissage, emboutissage profond, filetage, et de tout ce qui concerne la d\u00e9formation \u00e0 froid de la t\u00f4le, y compris avec les montages sur la machine\/outil.[\/vc_column_text][\/vc_column][vc_column width=\u00a0\u00bb1\/2&Prime;][vc_single_image image=\u00a0\u00bb368&Prime; img_size=\u00a0\u00bbfull\u00a0\u00bb alignment=\u00a0\u00bbcenter\u00a0\u00bb][\/vc_column][\/vc_row][vc_row css=\u00a0\u00bb.vc_custom_1496132357173{padding-top: 40px !important;padding-bottom: 40px !important;}\u00a0\u00bb][vc_column][vc_separator border_width=\u00a0\u00bb2&Prime; el_width=\u00a0\u00bb80&Prime;][\/vc_column][\/vc_row][vc_row][vc_column width=\u00a0\u00bb1\/3&Prime;]<div class=\"zozo-parallax-header\"><div class=\"parallax-header\"><h4 class=\"parallax-title text-left text-none\">Lignes de Montage<\/h4><\/div><\/div>[vc_column_text]C&rsquo;est ici que sont mont\u00e9s les composants pour r\u00e9aliser les chapes ou les roues ; dans cette division sont pr\u00e9sentes des lignes automatiques de montage pour les produits de s\u00e9rie, outre les postes de travail pour les fabrications sur commande ou selon le dessin du client.[\/vc_column_text][\/vc_column][vc_column width=\u00a0\u00bb2\/3&Prime;]<div class=\"zozo-parallax-header\"><div class=\"parallax-header\"><h4 class=\"parallax-title text-left text-none\">Montage et exp\u00e9dition<\/h4><\/div><\/div>[vc_column_text]La zone de montage final du produit est \u00e9quip\u00e9e de lignes automatiques et de lignes manuelles, interchangeables selon les charges de travail.<br \/>\nGr\u00e2ce \u00e0 l&rsquo;organisation efficace de l\u2019entrep\u00f4t, les produits requis sont assembl\u00e9s et sont pr\u00eats \u00e0 \u00eatre exp\u00e9di\u00e9s dans des d\u00e9lais rapides.[\/vc_column_text][\/vc_column][\/vc_row][vc_row css=\u00a0\u00bb.vc_custom_1496132357173{padding-top: 40px !important;padding-bottom: 40px !important;}\u00a0\u00bb][vc_column][vc_separator border_width=\u00a0\u00bb2&Prime; el_width=\u00a0\u00bb80&Prime;][\/vc_column][\/vc_row][vc_row css=\u00a0\u00bb.vc_custom_1496132443996{padding-bottom: 60px !important;}\u00a0\u00bb][vc_column width=\u00a0\u00bb1\/2&Prime;][vc_single_image image=\u00a0\u00bb363&Prime; img_size=\u00a0\u00bbfull\u00a0\u00bb alignment=\u00a0\u00bbcenter\u00a0\u00bb][\/vc_column][vc_column width=\u00a0\u00bb1\/2&Prime;]<div class=\"zozo-parallax-header\"><div class=\"parallax-header\"><h4 class=\"parallax-title text-left text-none\">Assurance qualit\u00e9<\/h4><\/div><\/div>[vc_column_text]La qualit\u00e9 des produits et des processus LAG fait l\u2019objet d\u2019une observation permanente.<br \/>\nChaque pr\u00e9pos\u00e9 est responsable de son travail et est impliqu\u00e9 dans la promotion de la qualit\u00e9, et l\u2019\u00e9quipe d\u2019assurance qualit\u00e9 supervise toutes les activit\u00e9s dans une optique de pr\u00e9vention et de soutien aux diff\u00e9rents op\u00e9rateurs.<br \/>\nElle est \u00e9galement responsable de la surveillance de la conformit\u00e9 avec les l\u00e9gislations et les normes en mati\u00e8re de qualit\u00e9 et environnementales en vigueur.[\/vc_column_text][\/vc_column][\/vc_row][vc_row full_width=\u00a0\u00bbstretch_row_content\u00a0\u00bb css=\u00a0\u00bb.vc_custom_1496851638916{background-color: #ffff00 !important;}\u00a0\u00bb el_id=\u00a0\u00bbcontact-us-mission\u00a0\u00bb][vc_column][vc_cta h2=\u00a0\u00bb\u00cates-vous int\u00e9ress\u00e9 par nos produits?\u00a0\u00bb txt_align=\u00a0\u00bbcenter\u00a0\u00bb shape=\u00a0\u00bbsquare\u00a0\u00bb style=\u00a0\u00bbcustom\u00a0\u00bb add_button=\u00a0\u00bbbottom\u00a0\u00bb btn_title=\u00a0\u00bbContactez-nous\u00a0\u00bb btn_shape=\u00a0\u00bbsquare\u00a0\u00bb custom_background=\u00a0\u00bb#ffff00&Prime; custom_text=\u00a0\u00bb#000000&Prime; btn_link=\u00a0\u00bburl:http%3A%2F%2F%3A%20https%3A%2F%2Fwww.lagspa.it%2Fcontatti%2F|||\u00a0\u00bb el_id=\u00a0\u00bbcontact-us\u00a0\u00bb][\/vc_cta][\/vc_column][\/vc_row]<\/p>\n<\/div>","protected":false},"excerpt":{"rendered":"<p>[vc_row][vc_column][vc_column_text] La production de roues et de chapes est effectu\u00e9e \u00e0 l\u2019int\u00e9rieur de l\u2019\u00e9tablissement de San Cesario sul Panaro (MO), qui dispose de : environ 23 000 m2 de zone&#8230;<\/p>\n","protected":false},"author":2,"featured_media":0,"parent":0,"menu_order":53,"comment_status":"closed","ping_status":"closed","template":"","meta":{"_acf_changed":false,"footnotes":""},"class_list":["post-26559","page","type-page","status-publish","hentry"],"acf":[],"yoast_head":"<!-- This site is optimized with the Yoast SEO plugin v27.4 - https:\/\/yoast.com\/product\/yoast-seo-wordpress\/ -->\n<title>Production | LAG SpA Roues et roulettes industrielles<\/title>\n<meta name=\"robots\" content=\"index, follow, max-snippet:-1, max-image-preview:large, max-video-preview:-1\" \/>\n<meta property=\"og:locale\" content=\"fr_FR\" \/>\n<meta property=\"og:type\" content=\"article\" \/>\n<meta property=\"og:title\" content=\"Production | LAG SpA Roues et roulettes industrielles\" \/>\n<meta property=\"og:description\" content=\"[vc_row][vc_column][vc_column_text] La production de roues et de chapes est effectu\u00e9e \u00e0 l\u2019int\u00e9rieur de l\u2019\u00e9tablissement de San Cesario sul Panaro (MO), qui dispose de : environ 23 000 m2 de zone...\" \/>\n<meta property=\"og:url\" content=\"https:\/\/www.lagspa.it\/fr\/societe-234\/production\/\" \/>\n<meta property=\"og:site_name\" content=\"LAG SpA\" \/>\n<meta property=\"article:publisher\" content=\"https:\/\/www.facebook.com\/LAG.castors\" \/>\n<meta property=\"article:modified_time\" content=\"2023-03-10T14:19:01+00:00\" \/>\n<meta property=\"og:image\" content=\"https:\/\/www.lagspa.it\/wp-content\/uploads\/2021\/04\/LAG-Yellow-Facebook-Cover-1-e1621001066931.png\" \/>\n\t<meta property=\"og:image:width\" content=\"691\" \/>\n\t<meta property=\"og:image:height\" content=\"314\" \/>\n\t<meta property=\"og:image:type\" content=\"image\/png\" \/>\n<meta name=\"twitter:card\" content=\"summary_large_image\" \/>\n<script type=\"application\/ld+json\" class=\"yoast-schema-graph\">{\"@context\":\"https:\\\/\\\/schema.org\",\"@graph\":[{\"@type\":\"WebPage\",\"@id\":\"https:\\\/\\\/www.lagspa.it\\\/fr\\\/societe-234\\\/production\\\/\",\"url\":\"https:\\\/\\\/www.lagspa.it\\\/fr\\\/societe-234\\\/production\\\/\",\"name\":\"Production | LAG SpA Roues et roulettes industrielles\",\"isPartOf\":{\"@id\":\"https:\\\/\\\/www.lagspa.it\\\/#website\"},\"datePublished\":\"2017-05-15T12:37:49+00:00\",\"dateModified\":\"2023-03-10T14:19:01+00:00\",\"breadcrumb\":{\"@id\":\"https:\\\/\\\/www.lagspa.it\\\/fr\\\/societe-234\\\/production\\\/#breadcrumb\"},\"inLanguage\":\"fr-FR\",\"potentialAction\":[{\"@type\":\"ReadAction\",\"target\":[\"https:\\\/\\\/www.lagspa.it\\\/fr\\\/societe-234\\\/production\\\/\"]}]},{\"@type\":\"BreadcrumbList\",\"@id\":\"https:\\\/\\\/www.lagspa.it\\\/fr\\\/societe-234\\\/production\\\/#breadcrumb\",\"itemListElement\":[{\"@type\":\"ListItem\",\"position\":1,\"name\":\"Home\",\"item\":\"https:\\\/\\\/www.lagspa.it\\\/fr\\\/\"},{\"@type\":\"ListItem\",\"position\":2,\"name\":\"Production\"}]},{\"@type\":\"WebSite\",\"@id\":\"https:\\\/\\\/www.lagspa.it\\\/#website\",\"url\":\"https:\\\/\\\/www.lagspa.it\\\/\",\"name\":\"LAG SpA\",\"description\":\"Wheels and Castors\",\"publisher\":{\"@id\":\"https:\\\/\\\/www.lagspa.it\\\/#organization\"},\"potentialAction\":[{\"@type\":\"SearchAction\",\"target\":{\"@type\":\"EntryPoint\",\"urlTemplate\":\"https:\\\/\\\/www.lagspa.it\\\/?s={search_term_string}\"},\"query-input\":{\"@type\":\"PropertyValueSpecification\",\"valueRequired\":true,\"valueName\":\"search_term_string\"}}],\"inLanguage\":\"fr-FR\"},{\"@type\":\"Organization\",\"@id\":\"https:\\\/\\\/www.lagspa.it\\\/#organization\",\"name\":\"LAG S.p.a. Wheels and Castors\",\"url\":\"https:\\\/\\\/www.lagspa.it\\\/\",\"logo\":{\"@type\":\"ImageObject\",\"inLanguage\":\"fr-FR\",\"@id\":\"https:\\\/\\\/www.lagspa.it\\\/#\\\/schema\\\/logo\\\/image\\\/\",\"url\":\"https:\\\/\\\/www.lagspa.it\\\/wp-content\\\/uploads\\\/2018\\\/09\\\/logo.png\",\"contentUrl\":\"https:\\\/\\\/www.lagspa.it\\\/wp-content\\\/uploads\\\/2018\\\/09\\\/logo.png\",\"width\":273,\"height\":302,\"caption\":\"LAG S.p.a. Wheels and Castors\"},\"image\":{\"@id\":\"https:\\\/\\\/www.lagspa.it\\\/#\\\/schema\\\/logo\\\/image\\\/\"},\"sameAs\":[\"https:\\\/\\\/www.facebook.com\\\/LAG.castors\"]}]}<\/script>\n<!-- \/ Yoast SEO plugin. -->","yoast_head_json":{"title":"Production | LAG SpA Roues et roulettes industrielles","robots":{"index":"index","follow":"follow","max-snippet":"max-snippet:-1","max-image-preview":"max-image-preview:large","max-video-preview":"max-video-preview:-1"},"og_locale":"fr_FR","og_type":"article","og_title":"Production | LAG SpA Roues et roulettes industrielles","og_description":"[vc_row][vc_column][vc_column_text] La production de roues et de chapes est effectu\u00e9e \u00e0 l\u2019int\u00e9rieur de l\u2019\u00e9tablissement de San Cesario sul Panaro (MO), qui dispose de : environ 23 000 m2 de zone...","og_url":"https:\/\/www.lagspa.it\/fr\/societe-234\/production\/","og_site_name":"LAG SpA","article_publisher":"https:\/\/www.facebook.com\/LAG.castors","article_modified_time":"2023-03-10T14:19:01+00:00","og_image":[{"width":691,"height":314,"url":"https:\/\/www.lagspa.it\/wp-content\/uploads\/2021\/04\/LAG-Yellow-Facebook-Cover-1-e1621001066931.png","type":"image\/png"}],"twitter_card":"summary_large_image","schema":{"@context":"https:\/\/schema.org","@graph":[{"@type":"WebPage","@id":"https:\/\/www.lagspa.it\/fr\/societe-234\/production\/","url":"https:\/\/www.lagspa.it\/fr\/societe-234\/production\/","name":"Production | LAG SpA Roues et roulettes industrielles","isPartOf":{"@id":"https:\/\/www.lagspa.it\/#website"},"datePublished":"2017-05-15T12:37:49+00:00","dateModified":"2023-03-10T14:19:01+00:00","breadcrumb":{"@id":"https:\/\/www.lagspa.it\/fr\/societe-234\/production\/#breadcrumb"},"inLanguage":"fr-FR","potentialAction":[{"@type":"ReadAction","target":["https:\/\/www.lagspa.it\/fr\/societe-234\/production\/"]}]},{"@type":"BreadcrumbList","@id":"https:\/\/www.lagspa.it\/fr\/societe-234\/production\/#breadcrumb","itemListElement":[{"@type":"ListItem","position":1,"name":"Home","item":"https:\/\/www.lagspa.it\/fr\/"},{"@type":"ListItem","position":2,"name":"Production"}]},{"@type":"WebSite","@id":"https:\/\/www.lagspa.it\/#website","url":"https:\/\/www.lagspa.it\/","name":"LAG SpA","description":"Wheels and Castors","publisher":{"@id":"https:\/\/www.lagspa.it\/#organization"},"potentialAction":[{"@type":"SearchAction","target":{"@type":"EntryPoint","urlTemplate":"https:\/\/www.lagspa.it\/?s={search_term_string}"},"query-input":{"@type":"PropertyValueSpecification","valueRequired":true,"valueName":"search_term_string"}}],"inLanguage":"fr-FR"},{"@type":"Organization","@id":"https:\/\/www.lagspa.it\/#organization","name":"LAG S.p.a. Wheels and Castors","url":"https:\/\/www.lagspa.it\/","logo":{"@type":"ImageObject","inLanguage":"fr-FR","@id":"https:\/\/www.lagspa.it\/#\/schema\/logo\/image\/","url":"https:\/\/www.lagspa.it\/wp-content\/uploads\/2018\/09\/logo.png","contentUrl":"https:\/\/www.lagspa.it\/wp-content\/uploads\/2018\/09\/logo.png","width":273,"height":302,"caption":"LAG S.p.a. Wheels and Castors"},"image":{"@id":"https:\/\/www.lagspa.it\/#\/schema\/logo\/image\/"},"sameAs":["https:\/\/www.facebook.com\/LAG.castors"]}]}},"_links":{"self":[{"href":"https:\/\/www.lagspa.it\/fr\/wp-json\/wp\/v2\/pages\/26559","targetHints":{"allow":["GET"]}}],"collection":[{"href":"https:\/\/www.lagspa.it\/fr\/wp-json\/wp\/v2\/pages"}],"about":[{"href":"https:\/\/www.lagspa.it\/fr\/wp-json\/wp\/v2\/types\/page"}],"author":[{"embeddable":true,"href":"https:\/\/www.lagspa.it\/fr\/wp-json\/wp\/v2\/users\/2"}],"replies":[{"embeddable":true,"href":"https:\/\/www.lagspa.it\/fr\/wp-json\/wp\/v2\/comments?post=26559"}],"version-history":[{"count":9,"href":"https:\/\/www.lagspa.it\/fr\/wp-json\/wp\/v2\/pages\/26559\/revisions"}],"predecessor-version":[{"id":43967,"href":"https:\/\/www.lagspa.it\/fr\/wp-json\/wp\/v2\/pages\/26559\/revisions\/43967"}],"wp:attachment":[{"href":"https:\/\/www.lagspa.it\/fr\/wp-json\/wp\/v2\/media?parent=26559"}],"curies":[{"name":"wp","href":"https:\/\/api.w.org\/{rel}","templated":true}]}}