{"id":26538,"date":"2017-05-15T12:47:35","date_gmt":"2017-05-15T10:47:35","guid":{"rendered":"https:\/\/www.lagspa.it\/societe\/certifications\/"},"modified":"2021-05-27T12:18:24","modified_gmt":"2021-05-27T10:18:24","slug":"certifications","status":"publish","type":"page","link":"https:\/\/www.lagspa.it\/fr\/certifications\/","title":{"rendered":"Certifications"},"content":{"rendered":"<div class=\"wpb-content-wrapper\"><p>[vc_row center_row=\u00a0\u00bbyes\u00a0\u00bb css=\u00a0\u00bb.vc_custom_1496127405919{padding-top: 40px !important;padding-bottom: 40px !important;}\u00a0\u00bb][vc_column width=\u00a0\u00bb1\/4&Prime;][\/vc_column][vc_column width=\u00a0\u00bb1\/2&Prime;][vc_column_text]<\/p>\n<p style=\"text-align: center; font-size: 16px;\">LAG Spa, dans le respect de ses propos d\u2019optimiser la satisfaction du client et de lui proposer des produits de qualit\u00e9 et de valeur, a obtenu :<\/p>\n<p>[\/vc_column_text][\/vc_column][vc_column width=\u00a0\u00bb1\/4&Prime;][\/vc_column][\/vc_row][vc_row full_width=\u00a0\u00bbstretch_row_content\u00a0\u00bb center_row=\u00a0\u00bbyes\u00a0\u00bb css=\u00a0\u00bb.vc_custom_1496129840195{padding-top: 60px !important;padding-bottom: 60px !important;}\u00a0\u00bb][vc_column][vc_row_inner][vc_column_inner width=\u00a0\u00bb1\/2&Prime;][vc_single_image image=\u00a0\u00bb39986&Prime; img_size=\u00a0\u00bbfull\u00a0\u00bb alignment=\u00a0\u00bbcenter\u00a0\u00bb][\/vc_column_inner][vc_column_inner width=\u00a0\u00bb1\/2&Prime;]<div class=\"zozo-parallax-header\"><div class=\"parallax-header\"><h4 class=\"parallax-title text-left\">Certification de qualit\u00e9 ISO 9001:2015<\/h4><\/div><\/div>[vc_column_text]Chez LAG, le syst\u00e8me de gestion de la qualit\u00e9 est certifi\u00e9 et permet \u00e0 nos clients d\u2019avoir la certitude de l&rsquo;excellence de nos produits. Chez LAG, \u00eatre ax\u00e9s sur la haute qualit\u00e9 cela signifie :<br \/>\n&#8211; Personnel bien form\u00e9 et sp\u00e9cialis\u00e9<br \/>\n&#8211; Fournisseurs hautement qualifi\u00e9s<br \/>\n&#8211; Mati\u00e8res premi\u00e8res contr\u00f4l\u00e9es et de haute qualit\u00e9<br \/>\n&#8211; Tests qualitatifs dans toutes les phases du processus<br \/>\n&#8211; Blocage des produits non conformes aux standards LAG[\/vc_column_text][\/vc_column_inner][\/vc_row_inner][\/vc_column][\/vc_row][vc_row full_width=\u00a0\u00bbstretch_row\u00a0\u00bb css_animation=\u00a0\u00bbnone\u00a0\u00bb css=\u00a0\u00bb.vc_custom_1496129144224{padding-top: 60px !important;padding-bottom: 60px !important;}\u00a0\u00bb][vc_column][vc_row_inner content_placement=\u00a0\u00bbmiddle\u00a0\u00bb css=\u00a0\u00bb.vc_custom_1496127647355{padding-top: 80px !important;padding-bottom: 80px !important;background-color: #ffff00 !important;}\u00a0\u00bb][vc_column_inner width=\u00a0\u00bb1\/4&Prime;][\/vc_column_inner][vc_column_inner width=\u00a0\u00bb1\/2&Prime; css_animation=\u00a0\u00bbflipInX\u00a0\u00bb][vc_column_text]<\/p>\n<p style=\"text-align: center; font-size: 26px; line-height: 36px; font-weight: bold; color: #efefef;\"><span style=\"color: #808080;\">\u00ab\u00a0Toutes les activit\u00e9s visant \u00e0 assurer la plus grande fiabilit\u00e9 des roues et des chapes, selon les normes europ\u00e9ennes en vigueur, nous permettent de r\u00e9pondre aux besoins de nos partenaires commerciaux en leur fournissant des produits uniques.\u00a0\u00bb<\/span><\/p>\n<p>[\/vc_column_text][\/vc_column_inner][vc_column_inner width=\u00a0\u00bb1\/4&Prime;][\/vc_column_inner][\/vc_row_inner][\/vc_column][\/vc_row][vc_row full_width=\u00a0\u00bbstretch_row_content\u00a0\u00bb center_row=\u00a0\u00bbyes\u00a0\u00bb css=\u00a0\u00bb.vc_custom_1496129958417{margin-bottom: 40px !important;padding-top: 60px !important;padding-bottom: 60px !important;}\u00a0\u00bb][vc_column][vc_row_inner][vc_column_inner width=\u00a0\u00bb1\/2&Prime;][vc_single_image image=\u00a0\u00bb39991&Prime; img_size=\u00a0\u00bbfull\u00a0\u00bb alignment=\u00a0\u00bbcenter\u00a0\u00bb][\/vc_column_inner][vc_column_inner width=\u00a0\u00bb1\/2&Prime;]<div class=\"zozo-parallax-header\"><div class=\"parallax-header\"><h4 class=\"parallax-title text-left\">Certification environnementale ISO 14001:2015<\/h4><\/div><\/div>[vc_column_text]LAG Spa se soucie de l\u2019environnement et s&rsquo;efforce continuellement d\u2019am\u00e9liorer ses processus, de mani\u00e8re \u00e0 g\u00e9rer le risque environnemental et \u00e0 interagir au mieux avec le territoire sur lequel elle exerce son activit\u00e9. Nous nous effor\u00e7ons tous les jours \u00e0:<br \/>\n&#8211; R\u00e9duire au minimum les gaspillages<br \/>\n&#8211; R\u00e9duire les consommations<br \/>\n&#8211; Former le personnel en permanence<br \/>\n&#8211; Promouvoir un comportement responsable avec une attention port\u00e9e sur l\u2019environnement<br \/>\nLAG Spa satisfait aux exigences de la directive europ\u00e9enne RoHS r\u00e9gissant l\u2019utilisation de substances ou de processus polluants.[\/vc_column_text][\/vc_column_inner][\/vc_row_inner][\/vc_column][\/vc_row][vc_row full_width=\u00a0\u00bbstretch_row_content\u00a0\u00bb css=\u00a0\u00bb.vc_custom_1496850465527{background-color: #ffff00 !important;}\u00a0\u00bb el_id=\u00a0\u00bbcontact-us-mission\u00a0\u00bb][vc_column][vc_cta h2=\u00a0\u00bb\u00cates-vous int\u00e9ress\u00e9 par nos produits?\u00a0\u00bb txt_align=\u00a0\u00bbcenter\u00a0\u00bb shape=\u00a0\u00bbsquare\u00a0\u00bb style=\u00a0\u00bbcustom\u00a0\u00bb add_button=\u00a0\u00bbbottom\u00a0\u00bb btn_title=\u00a0\u00bbContactez-nous\u00a0\u00bb btn_shape=\u00a0\u00bbsquare\u00a0\u00bb custom_background=\u00a0\u00bb#ffff00&Prime; custom_text=\u00a0\u00bb#000000&Prime; btn_link=\u00a0\u00bburl:https%3A%2F%2Fwww.lagspa.it%2Fcontatti%2F|||\u00a0\u00bb el_id=\u00a0\u00bbcontact-us\u00a0\u00bb][\/vc_cta][\/vc_column][\/vc_row]<\/p>\n<\/div>","protected":false},"excerpt":{"rendered":"<p>[vc_row center_row=\u00a0\u00bbyes\u00a0\u00bb css=\u00a0\u00bb.vc_custom_1496127405919{padding-top: 40px !important;padding-bottom: 40px !important;}\u00a0\u00bb][vc_column width=\u00a0\u00bb1\/4&Prime;][\/vc_column][vc_column width=\u00a0\u00bb1\/2&Prime;][vc_column_text] LAG Spa, dans le respect de ses propos d\u2019optimiser la satisfaction du client et de lui proposer des produits de qualit\u00e9&#8230;<\/p>\n","protected":false},"author":2,"featured_media":0,"parent":0,"menu_order":58,"comment_status":"closed","ping_status":"closed","template":"template-fullwidth.php","meta":{"_acf_changed":false,"footnotes":""},"class_list":["post-26538","page","type-page","status-publish","hentry"],"acf":[],"yoast_head":"<!-- This site is optimized with the Yoast SEO plugin v27.3 - https:\/\/yoast.com\/product\/yoast-seo-wordpress\/ -->\n<title>Certifications | LAG SpA Roues et roulettes industrielles<\/title>\n<meta name=\"robots\" content=\"index, follow, max-snippet:-1, max-image-preview:large, max-video-preview:-1\" \/>\n<meta property=\"og:locale\" content=\"fr_FR\" \/>\n<meta property=\"og:type\" content=\"article\" \/>\n<meta property=\"og:title\" content=\"Certifications | LAG SpA Roues et roulettes industrielles\" \/>\n<meta property=\"og:description\" content=\"[vc_row center_row=\u00a0\u00bbyes\u00a0\u00bb css=\u00a0\u00bb.vc_custom_1496127405919{padding-top: 40px !important;padding-bottom: 40px !important;}\u00a0\u00bb][vc_column width=\u00a0\u00bb1\/4&Prime;][\/vc_column][vc_column width=\u00a0\u00bb1\/2&Prime;][vc_column_text] LAG Spa, dans le respect de ses propos d\u2019optimiser la satisfaction du client et de lui proposer des produits de qualit\u00e9...\" \/>\n<meta property=\"og:url\" content=\"https:\/\/www.lagspa.it\/fr\/societe-234\/certifications\/\" \/>\n<meta property=\"og:site_name\" content=\"LAG SpA\" \/>\n<meta property=\"article:publisher\" content=\"https:\/\/www.facebook.com\/LAG.castors\" \/>\n<meta property=\"article:modified_time\" content=\"2021-05-27T10:18:24+00:00\" \/>\n<meta property=\"og:image\" content=\"https:\/\/www.lagspa.it\/wp-content\/uploads\/2021\/04\/LAG-Yellow-Facebook-Cover-1-e1621001066931.png\" \/>\n\t<meta property=\"og:image:width\" content=\"691\" \/>\n\t<meta property=\"og:image:height\" content=\"314\" \/>\n\t<meta property=\"og:image:type\" content=\"image\/png\" \/>\n<meta name=\"twitter:card\" content=\"summary_large_image\" \/>\n<script type=\"application\/ld+json\" class=\"yoast-schema-graph\">{\"@context\":\"https:\\\/\\\/schema.org\",\"@graph\":[{\"@type\":\"WebPage\",\"@id\":\"https:\\\/\\\/www.lagspa.it\\\/fr\\\/societe-234\\\/certifications\\\/\",\"url\":\"https:\\\/\\\/www.lagspa.it\\\/fr\\\/societe-234\\\/certifications\\\/\",\"name\":\"Certifications | LAG SpA Roues et roulettes industrielles\",\"isPartOf\":{\"@id\":\"https:\\\/\\\/www.lagspa.it\\\/#website\"},\"datePublished\":\"2017-05-15T10:47:35+00:00\",\"dateModified\":\"2021-05-27T10:18:24+00:00\",\"breadcrumb\":{\"@id\":\"https:\\\/\\\/www.lagspa.it\\\/fr\\\/societe-234\\\/certifications\\\/#breadcrumb\"},\"inLanguage\":\"fr-FR\",\"potentialAction\":[{\"@type\":\"ReadAction\",\"target\":[\"https:\\\/\\\/www.lagspa.it\\\/fr\\\/societe-234\\\/certifications\\\/\"]}]},{\"@type\":\"BreadcrumbList\",\"@id\":\"https:\\\/\\\/www.lagspa.it\\\/fr\\\/societe-234\\\/certifications\\\/#breadcrumb\",\"itemListElement\":[{\"@type\":\"ListItem\",\"position\":1,\"name\":\"Home\",\"item\":\"https:\\\/\\\/www.lagspa.it\\\/fr\\\/\"},{\"@type\":\"ListItem\",\"position\":2,\"name\":\"Certifications\"}]},{\"@type\":\"WebSite\",\"@id\":\"https:\\\/\\\/www.lagspa.it\\\/#website\",\"url\":\"https:\\\/\\\/www.lagspa.it\\\/\",\"name\":\"LAG SpA\",\"description\":\"Wheels and Castors\",\"publisher\":{\"@id\":\"https:\\\/\\\/www.lagspa.it\\\/#organization\"},\"potentialAction\":[{\"@type\":\"SearchAction\",\"target\":{\"@type\":\"EntryPoint\",\"urlTemplate\":\"https:\\\/\\\/www.lagspa.it\\\/?s={search_term_string}\"},\"query-input\":{\"@type\":\"PropertyValueSpecification\",\"valueRequired\":true,\"valueName\":\"search_term_string\"}}],\"inLanguage\":\"fr-FR\"},{\"@type\":\"Organization\",\"@id\":\"https:\\\/\\\/www.lagspa.it\\\/#organization\",\"name\":\"LAG S.p.a. Wheels and Castors\",\"url\":\"https:\\\/\\\/www.lagspa.it\\\/\",\"logo\":{\"@type\":\"ImageObject\",\"inLanguage\":\"fr-FR\",\"@id\":\"https:\\\/\\\/www.lagspa.it\\\/#\\\/schema\\\/logo\\\/image\\\/\",\"url\":\"https:\\\/\\\/www.lagspa.it\\\/wp-content\\\/uploads\\\/2018\\\/09\\\/logo.png\",\"contentUrl\":\"https:\\\/\\\/www.lagspa.it\\\/wp-content\\\/uploads\\\/2018\\\/09\\\/logo.png\",\"width\":273,\"height\":302,\"caption\":\"LAG S.p.a. Wheels and Castors\"},\"image\":{\"@id\":\"https:\\\/\\\/www.lagspa.it\\\/#\\\/schema\\\/logo\\\/image\\\/\"},\"sameAs\":[\"https:\\\/\\\/www.facebook.com\\\/LAG.castors\"]}]}<\/script>\n<!-- \/ Yoast SEO plugin. -->","yoast_head_json":{"title":"Certifications | LAG SpA Roues et roulettes industrielles","robots":{"index":"index","follow":"follow","max-snippet":"max-snippet:-1","max-image-preview":"max-image-preview:large","max-video-preview":"max-video-preview:-1"},"og_locale":"fr_FR","og_type":"article","og_title":"Certifications | LAG SpA Roues et roulettes industrielles","og_description":"[vc_row center_row=\u00a0\u00bbyes\u00a0\u00bb css=\u00a0\u00bb.vc_custom_1496127405919{padding-top: 40px !important;padding-bottom: 40px !important;}\u00a0\u00bb][vc_column width=\u00a0\u00bb1\/4&Prime;][\/vc_column][vc_column width=\u00a0\u00bb1\/2&Prime;][vc_column_text] LAG Spa, dans le respect de ses propos d\u2019optimiser la satisfaction du client et de lui proposer des produits de qualit\u00e9...","og_url":"https:\/\/www.lagspa.it\/fr\/societe-234\/certifications\/","og_site_name":"LAG SpA","article_publisher":"https:\/\/www.facebook.com\/LAG.castors","article_modified_time":"2021-05-27T10:18:24+00:00","og_image":[{"width":691,"height":314,"url":"https:\/\/www.lagspa.it\/wp-content\/uploads\/2021\/04\/LAG-Yellow-Facebook-Cover-1-e1621001066931.png","type":"image\/png"}],"twitter_card":"summary_large_image","schema":{"@context":"https:\/\/schema.org","@graph":[{"@type":"WebPage","@id":"https:\/\/www.lagspa.it\/fr\/societe-234\/certifications\/","url":"https:\/\/www.lagspa.it\/fr\/societe-234\/certifications\/","name":"Certifications | LAG SpA Roues et roulettes industrielles","isPartOf":{"@id":"https:\/\/www.lagspa.it\/#website"},"datePublished":"2017-05-15T10:47:35+00:00","dateModified":"2021-05-27T10:18:24+00:00","breadcrumb":{"@id":"https:\/\/www.lagspa.it\/fr\/societe-234\/certifications\/#breadcrumb"},"inLanguage":"fr-FR","potentialAction":[{"@type":"ReadAction","target":["https:\/\/www.lagspa.it\/fr\/societe-234\/certifications\/"]}]},{"@type":"BreadcrumbList","@id":"https:\/\/www.lagspa.it\/fr\/societe-234\/certifications\/#breadcrumb","itemListElement":[{"@type":"ListItem","position":1,"name":"Home","item":"https:\/\/www.lagspa.it\/fr\/"},{"@type":"ListItem","position":2,"name":"Certifications"}]},{"@type":"WebSite","@id":"https:\/\/www.lagspa.it\/#website","url":"https:\/\/www.lagspa.it\/","name":"LAG SpA","description":"Wheels and Castors","publisher":{"@id":"https:\/\/www.lagspa.it\/#organization"},"potentialAction":[{"@type":"SearchAction","target":{"@type":"EntryPoint","urlTemplate":"https:\/\/www.lagspa.it\/?s={search_term_string}"},"query-input":{"@type":"PropertyValueSpecification","valueRequired":true,"valueName":"search_term_string"}}],"inLanguage":"fr-FR"},{"@type":"Organization","@id":"https:\/\/www.lagspa.it\/#organization","name":"LAG S.p.a. Wheels and Castors","url":"https:\/\/www.lagspa.it\/","logo":{"@type":"ImageObject","inLanguage":"fr-FR","@id":"https:\/\/www.lagspa.it\/#\/schema\/logo\/image\/","url":"https:\/\/www.lagspa.it\/wp-content\/uploads\/2018\/09\/logo.png","contentUrl":"https:\/\/www.lagspa.it\/wp-content\/uploads\/2018\/09\/logo.png","width":273,"height":302,"caption":"LAG S.p.a. Wheels and Castors"},"image":{"@id":"https:\/\/www.lagspa.it\/#\/schema\/logo\/image\/"},"sameAs":["https:\/\/www.facebook.com\/LAG.castors"]}]}},"_links":{"self":[{"href":"https:\/\/www.lagspa.it\/fr\/wp-json\/wp\/v2\/pages\/26538","targetHints":{"allow":["GET"]}}],"collection":[{"href":"https:\/\/www.lagspa.it\/fr\/wp-json\/wp\/v2\/pages"}],"about":[{"href":"https:\/\/www.lagspa.it\/fr\/wp-json\/wp\/v2\/types\/page"}],"author":[{"embeddable":true,"href":"https:\/\/www.lagspa.it\/fr\/wp-json\/wp\/v2\/users\/2"}],"replies":[{"embeddable":true,"href":"https:\/\/www.lagspa.it\/fr\/wp-json\/wp\/v2\/comments?post=26538"}],"version-history":[{"count":9,"href":"https:\/\/www.lagspa.it\/fr\/wp-json\/wp\/v2\/pages\/26538\/revisions"}],"predecessor-version":[{"id":39997,"href":"https:\/\/www.lagspa.it\/fr\/wp-json\/wp\/v2\/pages\/26538\/revisions\/39997"}],"wp:attachment":[{"href":"https:\/\/www.lagspa.it\/fr\/wp-json\/wp\/v2\/media?parent=26538"}],"curies":[{"name":"wp","href":"https:\/\/api.w.org\/{rel}","templated":true}]}}