{"id":17278,"date":"2017-10-05T13:05:00","date_gmt":"2017-10-05T11:05:00","guid":{"rendered":"https:\/\/www.lagspa.it\/applicazioni\/"},"modified":"2023-04-04T17:04:40","modified_gmt":"2023-04-04T15:04:40","slug":"applications","status":"publish","type":"page","link":"https:\/\/www.lagspa.it\/fr\/applications\/","title":{"rendered":"Applications"},"content":{"rendered":"<div class=\"wpb-content-wrapper\"><p>[vc_row full_width=\u00a0\u00bbstretch_row\u00a0\u00bb center_row=\u00a0\u00bbyes\u00a0\u00bb][vc_column][vc_column_text]En sus des produits de s\u00e9rie, largement utilis\u00e9s dans de nombreux domaines, nous produisons des produits sp\u00e9ciaux sur demande. Si vous ne trouvez pas le domaine d\u2019application le mieux adapt\u00e9 \u00e0 vos besoins, nous vous prions de nous <a href=\"https:\/\/www.lagspa.it\/fr\/nous-contacter\/\">contacter<\/a> et notre \u00e9quipe de vente vous proposera la meilleure solution sur mesure.[\/vc_column_text][\/vc_column][\/vc_row]<\/p>\n<\/div>","protected":false},"excerpt":{"rendered":"<p>[vc_row full_width=\u00a0\u00bbstretch_row\u00a0\u00bb center_row=\u00a0\u00bbyes\u00a0\u00bb][vc_column][vc_column_text]En sus des produits de s\u00e9rie, largement utilis\u00e9s dans de nombreux domaines, nous produisons des produits sp\u00e9ciaux sur demande. Si vous ne trouvez pas le domaine d\u2019application le&#8230;<\/p>\n","protected":false},"author":2,"featured_media":0,"parent":0,"menu_order":38,"comment_status":"closed","ping_status":"closed","template":"tpl-applicazioni.php","meta":{"_acf_changed":false,"footnotes":""},"class_list":["post-17278","page","type-page","status-publish","hentry"],"acf":[],"yoast_head":"<!-- This site is optimized with the Yoast SEO plugin v27.5 - https:\/\/yoast.com\/product\/yoast-seo-wordpress\/ -->\n<title>Applications | LAG SpA<\/title>\n<meta name=\"robots\" content=\"index, follow, max-snippet:-1, max-image-preview:large, max-video-preview:-1\" \/>\n<meta property=\"og:locale\" content=\"fr_FR\" \/>\n<meta property=\"og:type\" content=\"article\" \/>\n<meta property=\"og:title\" content=\"Applications | LAG SpA\" \/>\n<meta property=\"og:description\" content=\"[vc_row full_width=\u00a0\u00bbstretch_row\u00a0\u00bb center_row=\u00a0\u00bbyes\u00a0\u00bb][vc_column][vc_column_text]En sus des produits de s\u00e9rie, largement utilis\u00e9s dans de nombreux domaines, nous produisons des produits sp\u00e9ciaux sur demande. Si vous ne trouvez pas le domaine d\u2019application le...\" \/>\n<meta property=\"og:url\" content=\"https:\/\/www.lagspa.it\/fr\/applications\/\" \/>\n<meta property=\"og:site_name\" content=\"LAG SpA\" \/>\n<meta property=\"article:publisher\" content=\"https:\/\/www.facebook.com\/LAG.castors\" \/>\n<meta property=\"article:modified_time\" content=\"2023-04-04T15:04:40+00:00\" \/>\n<meta property=\"og:image\" content=\"https:\/\/www.lagspa.it\/wp-content\/uploads\/2021\/04\/LAG-Yellow-Facebook-Cover-1-e1621001066931.png\" \/>\n\t<meta property=\"og:image:width\" content=\"691\" \/>\n\t<meta property=\"og:image:height\" content=\"314\" \/>\n\t<meta property=\"og:image:type\" content=\"image\/png\" \/>\n<meta name=\"twitter:card\" content=\"summary_large_image\" \/>\n<script type=\"application\/ld+json\" class=\"yoast-schema-graph\">{\"@context\":\"https:\\\/\\\/schema.org\",\"@graph\":[{\"@type\":\"WebPage\",\"@id\":\"https:\\\/\\\/www.lagspa.it\\\/fr\\\/applications\\\/\",\"url\":\"https:\\\/\\\/www.lagspa.it\\\/fr\\\/applications\\\/\",\"name\":\"Applications | LAG SpA\",\"isPartOf\":{\"@id\":\"https:\\\/\\\/www.lagspa.it\\\/#website\"},\"datePublished\":\"2017-10-05T11:05:00+00:00\",\"dateModified\":\"2023-04-04T15:04:40+00:00\",\"breadcrumb\":{\"@id\":\"https:\\\/\\\/www.lagspa.it\\\/fr\\\/applications\\\/#breadcrumb\"},\"inLanguage\":\"fr-FR\",\"potentialAction\":[{\"@type\":\"ReadAction\",\"target\":[\"https:\\\/\\\/www.lagspa.it\\\/fr\\\/applications\\\/\"]}]},{\"@type\":\"BreadcrumbList\",\"@id\":\"https:\\\/\\\/www.lagspa.it\\\/fr\\\/applications\\\/#breadcrumb\",\"itemListElement\":[{\"@type\":\"ListItem\",\"position\":1,\"name\":\"Home\",\"item\":\"https:\\\/\\\/www.lagspa.it\\\/fr\\\/\"},{\"@type\":\"ListItem\",\"position\":2,\"name\":\"Applications\"}]},{\"@type\":\"WebSite\",\"@id\":\"https:\\\/\\\/www.lagspa.it\\\/#website\",\"url\":\"https:\\\/\\\/www.lagspa.it\\\/\",\"name\":\"LAG SpA\",\"description\":\"Wheels and Castors\",\"publisher\":{\"@id\":\"https:\\\/\\\/www.lagspa.it\\\/#organization\"},\"potentialAction\":[{\"@type\":\"SearchAction\",\"target\":{\"@type\":\"EntryPoint\",\"urlTemplate\":\"https:\\\/\\\/www.lagspa.it\\\/?s={search_term_string}\"},\"query-input\":{\"@type\":\"PropertyValueSpecification\",\"valueRequired\":true,\"valueName\":\"search_term_string\"}}],\"inLanguage\":\"fr-FR\"},{\"@type\":\"Organization\",\"@id\":\"https:\\\/\\\/www.lagspa.it\\\/#organization\",\"name\":\"LAG S.p.a. Wheels and Castors\",\"url\":\"https:\\\/\\\/www.lagspa.it\\\/\",\"logo\":{\"@type\":\"ImageObject\",\"inLanguage\":\"fr-FR\",\"@id\":\"https:\\\/\\\/www.lagspa.it\\\/#\\\/schema\\\/logo\\\/image\\\/\",\"url\":\"https:\\\/\\\/www.lagspa.it\\\/wp-content\\\/uploads\\\/2018\\\/09\\\/logo.png\",\"contentUrl\":\"https:\\\/\\\/www.lagspa.it\\\/wp-content\\\/uploads\\\/2018\\\/09\\\/logo.png\",\"width\":273,\"height\":302,\"caption\":\"LAG S.p.a. Wheels and Castors\"},\"image\":{\"@id\":\"https:\\\/\\\/www.lagspa.it\\\/#\\\/schema\\\/logo\\\/image\\\/\"},\"sameAs\":[\"https:\\\/\\\/www.facebook.com\\\/LAG.castors\"]}]}<\/script>\n<!-- \/ Yoast SEO plugin. -->","yoast_head_json":{"title":"Applications | LAG SpA","robots":{"index":"index","follow":"follow","max-snippet":"max-snippet:-1","max-image-preview":"max-image-preview:large","max-video-preview":"max-video-preview:-1"},"og_locale":"fr_FR","og_type":"article","og_title":"Applications | LAG SpA","og_description":"[vc_row full_width=\u00a0\u00bbstretch_row\u00a0\u00bb center_row=\u00a0\u00bbyes\u00a0\u00bb][vc_column][vc_column_text]En sus des produits de s\u00e9rie, largement utilis\u00e9s dans de nombreux domaines, nous produisons des produits sp\u00e9ciaux sur demande. Si vous ne trouvez pas le domaine d\u2019application le...","og_url":"https:\/\/www.lagspa.it\/fr\/applications\/","og_site_name":"LAG SpA","article_publisher":"https:\/\/www.facebook.com\/LAG.castors","article_modified_time":"2023-04-04T15:04:40+00:00","og_image":[{"width":691,"height":314,"url":"https:\/\/www.lagspa.it\/wp-content\/uploads\/2021\/04\/LAG-Yellow-Facebook-Cover-1-e1621001066931.png","type":"image\/png"}],"twitter_card":"summary_large_image","schema":{"@context":"https:\/\/schema.org","@graph":[{"@type":"WebPage","@id":"https:\/\/www.lagspa.it\/fr\/applications\/","url":"https:\/\/www.lagspa.it\/fr\/applications\/","name":"Applications | LAG SpA","isPartOf":{"@id":"https:\/\/www.lagspa.it\/#website"},"datePublished":"2017-10-05T11:05:00+00:00","dateModified":"2023-04-04T15:04:40+00:00","breadcrumb":{"@id":"https:\/\/www.lagspa.it\/fr\/applications\/#breadcrumb"},"inLanguage":"fr-FR","potentialAction":[{"@type":"ReadAction","target":["https:\/\/www.lagspa.it\/fr\/applications\/"]}]},{"@type":"BreadcrumbList","@id":"https:\/\/www.lagspa.it\/fr\/applications\/#breadcrumb","itemListElement":[{"@type":"ListItem","position":1,"name":"Home","item":"https:\/\/www.lagspa.it\/fr\/"},{"@type":"ListItem","position":2,"name":"Applications"}]},{"@type":"WebSite","@id":"https:\/\/www.lagspa.it\/#website","url":"https:\/\/www.lagspa.it\/","name":"LAG SpA","description":"Wheels and Castors","publisher":{"@id":"https:\/\/www.lagspa.it\/#organization"},"potentialAction":[{"@type":"SearchAction","target":{"@type":"EntryPoint","urlTemplate":"https:\/\/www.lagspa.it\/?s={search_term_string}"},"query-input":{"@type":"PropertyValueSpecification","valueRequired":true,"valueName":"search_term_string"}}],"inLanguage":"fr-FR"},{"@type":"Organization","@id":"https:\/\/www.lagspa.it\/#organization","name":"LAG S.p.a. Wheels and Castors","url":"https:\/\/www.lagspa.it\/","logo":{"@type":"ImageObject","inLanguage":"fr-FR","@id":"https:\/\/www.lagspa.it\/#\/schema\/logo\/image\/","url":"https:\/\/www.lagspa.it\/wp-content\/uploads\/2018\/09\/logo.png","contentUrl":"https:\/\/www.lagspa.it\/wp-content\/uploads\/2018\/09\/logo.png","width":273,"height":302,"caption":"LAG S.p.a. Wheels and Castors"},"image":{"@id":"https:\/\/www.lagspa.it\/#\/schema\/logo\/image\/"},"sameAs":["https:\/\/www.facebook.com\/LAG.castors"]}]}},"_links":{"self":[{"href":"https:\/\/www.lagspa.it\/fr\/wp-json\/wp\/v2\/pages\/17278","targetHints":{"allow":["GET"]}}],"collection":[{"href":"https:\/\/www.lagspa.it\/fr\/wp-json\/wp\/v2\/pages"}],"about":[{"href":"https:\/\/www.lagspa.it\/fr\/wp-json\/wp\/v2\/types\/page"}],"author":[{"embeddable":true,"href":"https:\/\/www.lagspa.it\/fr\/wp-json\/wp\/v2\/users\/2"}],"replies":[{"embeddable":true,"href":"https:\/\/www.lagspa.it\/fr\/wp-json\/wp\/v2\/comments?post=17278"}],"version-history":[{"count":4,"href":"https:\/\/www.lagspa.it\/fr\/wp-json\/wp\/v2\/pages\/17278\/revisions"}],"predecessor-version":[{"id":43547,"href":"https:\/\/www.lagspa.it\/fr\/wp-json\/wp\/v2\/pages\/17278\/revisions\/43547"}],"wp:attachment":[{"href":"https:\/\/www.lagspa.it\/fr\/wp-json\/wp\/v2\/media?parent=17278"}],"curies":[{"name":"wp","href":"https:\/\/api.w.org\/{rel}","templated":true}]}}