{"id":17280,"date":"2017-10-05T13:05:00","date_gmt":"2017-10-05T11:05:00","guid":{"rendered":"https:\/\/www.lagspa.it\/applicazioni\/"},"modified":"2023-04-04T17:03:43","modified_gmt":"2023-04-04T15:03:43","slug":"aplicaciones","status":"publish","type":"page","link":"https:\/\/www.lagspa.it\/es\/aplicaciones\/","title":{"rendered":"Aplicaciones"},"content":{"rendered":"<div class=\"wpb-content-wrapper\"><p>[vc_row full_width=\u00bbstretch_row\u00bb center_row=\u00bbyes\u00bb][vc_column][vc_column_text]Adem\u00e1s de productos en serie, ampliamente utilizados en m\u00faltiples campos, tambi\u00e9n los producimos especiales a petici\u00f3n del cliente. Si no encuentras el campo de aplicaci\u00f3n m\u00e1s adecuado para tus necesidades, ponte <a href=\"https:\/\/www.lagspa.it\/es\/contactos\/\">en contacto<\/a> con nosotros y nuestro equipo de ventas sabr\u00e1 ofrecerte la mejor soluci\u00f3n a tu medida[\/vc_column_text][\/vc_column][\/vc_row]<\/p>\n<\/div>","protected":false},"excerpt":{"rendered":"<p>[vc_row full_width=\u00bbstretch_row\u00bb center_row=\u00bbyes\u00bb][vc_column][vc_column_text]Adem\u00e1s de productos en serie, ampliamente utilizados en m\u00faltiples campos, tambi\u00e9n los producimos especiales a petici\u00f3n del cliente. Si no encuentras el campo de aplicaci\u00f3n m\u00e1s adecuado para&#8230;<\/p>\n","protected":false},"author":2,"featured_media":0,"parent":0,"menu_order":38,"comment_status":"closed","ping_status":"closed","template":"tpl-applicazioni.php","meta":{"_acf_changed":false,"footnotes":""},"class_list":["post-17280","page","type-page","status-publish","hentry"],"acf":[],"yoast_head":"<!-- This site is optimized with the Yoast SEO plugin v27.4 - https:\/\/yoast.com\/product\/yoast-seo-wordpress\/ -->\n<title>Aplicaciones | LAG SpA<\/title>\n<meta name=\"robots\" content=\"index, follow, max-snippet:-1, max-image-preview:large, max-video-preview:-1\" \/>\n<meta property=\"og:locale\" content=\"es_ES\" \/>\n<meta property=\"og:type\" content=\"article\" \/>\n<meta property=\"og:title\" content=\"Aplicaciones | LAG SpA\" \/>\n<meta property=\"og:description\" content=\"[vc_row full_width=\u00bbstretch_row\u00bb center_row=\u00bbyes\u00bb][vc_column][vc_column_text]Adem\u00e1s de productos en serie, ampliamente utilizados en m\u00faltiples campos, tambi\u00e9n los producimos especiales a petici\u00f3n del cliente. Si no encuentras el campo de aplicaci\u00f3n m\u00e1s adecuado para...\" \/>\n<meta property=\"og:url\" content=\"https:\/\/www.lagspa.it\/es\/aplicaciones\/\" \/>\n<meta property=\"og:site_name\" content=\"LAG SpA\" \/>\n<meta property=\"article:publisher\" content=\"https:\/\/www.facebook.com\/LAG.castors\" \/>\n<meta property=\"article:modified_time\" content=\"2023-04-04T15:03:43+00:00\" \/>\n<meta property=\"og:image\" content=\"https:\/\/www.lagspa.it\/wp-content\/uploads\/2021\/04\/LAG-Yellow-Facebook-Cover-1-e1621001066931.png\" \/>\n\t<meta property=\"og:image:width\" content=\"691\" \/>\n\t<meta property=\"og:image:height\" content=\"314\" \/>\n\t<meta property=\"og:image:type\" content=\"image\/png\" \/>\n<meta name=\"twitter:card\" content=\"summary_large_image\" \/>\n<script type=\"application\/ld+json\" class=\"yoast-schema-graph\">{\"@context\":\"https:\\\/\\\/schema.org\",\"@graph\":[{\"@type\":\"WebPage\",\"@id\":\"https:\\\/\\\/www.lagspa.it\\\/es\\\/aplicaciones\\\/\",\"url\":\"https:\\\/\\\/www.lagspa.it\\\/es\\\/aplicaciones\\\/\",\"name\":\"Aplicaciones | LAG SpA\",\"isPartOf\":{\"@id\":\"https:\\\/\\\/www.lagspa.it\\\/#website\"},\"datePublished\":\"2017-10-05T11:05:00+00:00\",\"dateModified\":\"2023-04-04T15:03:43+00:00\",\"breadcrumb\":{\"@id\":\"https:\\\/\\\/www.lagspa.it\\\/es\\\/aplicaciones\\\/#breadcrumb\"},\"inLanguage\":\"es\",\"potentialAction\":[{\"@type\":\"ReadAction\",\"target\":[\"https:\\\/\\\/www.lagspa.it\\\/es\\\/aplicaciones\\\/\"]}]},{\"@type\":\"BreadcrumbList\",\"@id\":\"https:\\\/\\\/www.lagspa.it\\\/es\\\/aplicaciones\\\/#breadcrumb\",\"itemListElement\":[{\"@type\":\"ListItem\",\"position\":1,\"name\":\"Home\",\"item\":\"https:\\\/\\\/www.lagspa.it\\\/es\\\/\"},{\"@type\":\"ListItem\",\"position\":2,\"name\":\"Aplicaciones\"}]},{\"@type\":\"WebSite\",\"@id\":\"https:\\\/\\\/www.lagspa.it\\\/#website\",\"url\":\"https:\\\/\\\/www.lagspa.it\\\/\",\"name\":\"LAG SpA\",\"description\":\"Wheels and Castors\",\"publisher\":{\"@id\":\"https:\\\/\\\/www.lagspa.it\\\/#organization\"},\"potentialAction\":[{\"@type\":\"SearchAction\",\"target\":{\"@type\":\"EntryPoint\",\"urlTemplate\":\"https:\\\/\\\/www.lagspa.it\\\/?s={search_term_string}\"},\"query-input\":{\"@type\":\"PropertyValueSpecification\",\"valueRequired\":true,\"valueName\":\"search_term_string\"}}],\"inLanguage\":\"es\"},{\"@type\":\"Organization\",\"@id\":\"https:\\\/\\\/www.lagspa.it\\\/#organization\",\"name\":\"LAG S.p.a. Wheels and Castors\",\"url\":\"https:\\\/\\\/www.lagspa.it\\\/\",\"logo\":{\"@type\":\"ImageObject\",\"inLanguage\":\"es\",\"@id\":\"https:\\\/\\\/www.lagspa.it\\\/#\\\/schema\\\/logo\\\/image\\\/\",\"url\":\"https:\\\/\\\/www.lagspa.it\\\/wp-content\\\/uploads\\\/2018\\\/09\\\/logo.png\",\"contentUrl\":\"https:\\\/\\\/www.lagspa.it\\\/wp-content\\\/uploads\\\/2018\\\/09\\\/logo.png\",\"width\":273,\"height\":302,\"caption\":\"LAG S.p.a. Wheels and Castors\"},\"image\":{\"@id\":\"https:\\\/\\\/www.lagspa.it\\\/#\\\/schema\\\/logo\\\/image\\\/\"},\"sameAs\":[\"https:\\\/\\\/www.facebook.com\\\/LAG.castors\"]}]}<\/script>\n<!-- \/ Yoast SEO plugin. -->","yoast_head_json":{"title":"Aplicaciones | LAG SpA","robots":{"index":"index","follow":"follow","max-snippet":"max-snippet:-1","max-image-preview":"max-image-preview:large","max-video-preview":"max-video-preview:-1"},"og_locale":"es_ES","og_type":"article","og_title":"Aplicaciones | LAG SpA","og_description":"[vc_row full_width=\u00bbstretch_row\u00bb center_row=\u00bbyes\u00bb][vc_column][vc_column_text]Adem\u00e1s de productos en serie, ampliamente utilizados en m\u00faltiples campos, tambi\u00e9n los producimos especiales a petici\u00f3n del cliente. Si no encuentras el campo de aplicaci\u00f3n m\u00e1s adecuado para...","og_url":"https:\/\/www.lagspa.it\/es\/aplicaciones\/","og_site_name":"LAG SpA","article_publisher":"https:\/\/www.facebook.com\/LAG.castors","article_modified_time":"2023-04-04T15:03:43+00:00","og_image":[{"width":691,"height":314,"url":"https:\/\/www.lagspa.it\/wp-content\/uploads\/2021\/04\/LAG-Yellow-Facebook-Cover-1-e1621001066931.png","type":"image\/png"}],"twitter_card":"summary_large_image","schema":{"@context":"https:\/\/schema.org","@graph":[{"@type":"WebPage","@id":"https:\/\/www.lagspa.it\/es\/aplicaciones\/","url":"https:\/\/www.lagspa.it\/es\/aplicaciones\/","name":"Aplicaciones | LAG SpA","isPartOf":{"@id":"https:\/\/www.lagspa.it\/#website"},"datePublished":"2017-10-05T11:05:00+00:00","dateModified":"2023-04-04T15:03:43+00:00","breadcrumb":{"@id":"https:\/\/www.lagspa.it\/es\/aplicaciones\/#breadcrumb"},"inLanguage":"es","potentialAction":[{"@type":"ReadAction","target":["https:\/\/www.lagspa.it\/es\/aplicaciones\/"]}]},{"@type":"BreadcrumbList","@id":"https:\/\/www.lagspa.it\/es\/aplicaciones\/#breadcrumb","itemListElement":[{"@type":"ListItem","position":1,"name":"Home","item":"https:\/\/www.lagspa.it\/es\/"},{"@type":"ListItem","position":2,"name":"Aplicaciones"}]},{"@type":"WebSite","@id":"https:\/\/www.lagspa.it\/#website","url":"https:\/\/www.lagspa.it\/","name":"LAG SpA","description":"Wheels and Castors","publisher":{"@id":"https:\/\/www.lagspa.it\/#organization"},"potentialAction":[{"@type":"SearchAction","target":{"@type":"EntryPoint","urlTemplate":"https:\/\/www.lagspa.it\/?s={search_term_string}"},"query-input":{"@type":"PropertyValueSpecification","valueRequired":true,"valueName":"search_term_string"}}],"inLanguage":"es"},{"@type":"Organization","@id":"https:\/\/www.lagspa.it\/#organization","name":"LAG S.p.a. Wheels and Castors","url":"https:\/\/www.lagspa.it\/","logo":{"@type":"ImageObject","inLanguage":"es","@id":"https:\/\/www.lagspa.it\/#\/schema\/logo\/image\/","url":"https:\/\/www.lagspa.it\/wp-content\/uploads\/2018\/09\/logo.png","contentUrl":"https:\/\/www.lagspa.it\/wp-content\/uploads\/2018\/09\/logo.png","width":273,"height":302,"caption":"LAG S.p.a. Wheels and Castors"},"image":{"@id":"https:\/\/www.lagspa.it\/#\/schema\/logo\/image\/"},"sameAs":["https:\/\/www.facebook.com\/LAG.castors"]}]}},"_links":{"self":[{"href":"https:\/\/www.lagspa.it\/es\/wp-json\/wp\/v2\/pages\/17280","targetHints":{"allow":["GET"]}}],"collection":[{"href":"https:\/\/www.lagspa.it\/es\/wp-json\/wp\/v2\/pages"}],"about":[{"href":"https:\/\/www.lagspa.it\/es\/wp-json\/wp\/v2\/types\/page"}],"author":[{"embeddable":true,"href":"https:\/\/www.lagspa.it\/es\/wp-json\/wp\/v2\/users\/2"}],"replies":[{"embeddable":true,"href":"https:\/\/www.lagspa.it\/es\/wp-json\/wp\/v2\/comments?post=17280"}],"version-history":[{"count":3,"href":"https:\/\/www.lagspa.it\/es\/wp-json\/wp\/v2\/pages\/17280\/revisions"}],"predecessor-version":[{"id":42381,"href":"https:\/\/www.lagspa.it\/es\/wp-json\/wp\/v2\/pages\/17280\/revisions\/42381"}],"wp:attachment":[{"href":"https:\/\/www.lagspa.it\/es\/wp-json\/wp\/v2\/media?parent=17280"}],"curies":[{"name":"wp","href":"https:\/\/api.w.org\/{rel}","templated":true}]}}